{"id":664,"date":"2016-11-11T10:58:39","date_gmt":"2016-11-11T09:58:39","guid":{"rendered":"https:\/\/www.rotafree.com?page_id=664"},"modified":"2023-11-28T14:27:00","modified_gmt":"2023-11-28T13:27:00","slug":"metalflex-giunto-torsionalmente-rigido","status":"publish","type":"page","link":"https:\/\/www.rotafree.com\/it\/prodotti\/giunti\/metalflex-giunto-torsionalmente-rigido\/","title":{"rendered":"Metalflex  &#8211; Giunto Torsionalmente Rigido"},"content":{"rendered":"<div class=\"wpb-content-wrapper\"><p>[vc_row el_class=&#8221;customRowMedium&#8221;][vc_column width=&#8221;1\/2&#8243;][vc_single_image image=&#8221;498&#8243; img_size=&#8221;large&#8221;][vc_empty_space height=&#8221;52px&#8221;][vc_btn title=&#8221;DOWNLOAD CATALOGO&#8221; style=&#8221;custom&#8221; custom_background=&#8221;#108dc1&#8243; custom_text=&#8221;#ffffff&#8221; shape=&#8221;square&#8221; align=&#8221;center&#8221; link=&#8221;url:http%3A%2F%2Fwww.rotafree.com%2Fwp-content%2Fuploads%2F2023%2F11%2FMETALFLEX_0620_A.pdf||target:%20_blank|&#8221;][\/vc_column][vc_column width=&#8221;1\/2&#8243;][vc_column_text]<\/p>\n<h1>Metalflex<\/h1>\n<p>[\/vc_column_text][vc_empty_space height=&#8221;20px&#8221;][vc_column_text]<\/p>\n<h2>Giunto a gioco zero -torsionalmente rigido- con bassi momenti di inerzia<\/h2>\n<p>[\/vc_column_text][vc_empty_space height=&#8221;30px&#8221;][vc_column_text]METALFLEX \u00e8 un giunto altamente innovativo, ideale per applicazioni ad alte prestazioni che richiedano ripetibilit\u00e0, posizionamenti precisi, controllo dei movimenti e dei sincronismi, alte velocit\u00e0.<\/p>\n<p>METALFLEX \u00e8 composto da:<\/p>\n<ul class=\"list_check\">\n<li>due mozzi di alluminio con bloccaggio a morsetto<\/li>\n<li>collegati da una speciale molla in acciaio inossidabile a parete sottile, che rimane rigida sotto carico torsionale, ma \u00e8 flessibile assialmente, radialmente, angolarmente, per compensare disallineamenti fra gli alberi da collegare<\/li>\n<\/ul>\n<p>Ne risulta un giunto senza gioco, con bassi momenti di inerzia, ad alta rigidit\u00e0 torsionale.<\/p>\n<p>[\/vc_column_text][\/vc_column][\/vc_row][vc_row][vc_column][vc_column_text]<\/p>\n<h3>Vantaggi<\/h3>\n<ul>\n<li>Alte Velocit\u00e0<\/li>\n<li>Temperature di lavoro da -30\u00b0C \u00a0a +120\u00b0C<\/li>\n<li>Versione B con mozzi scomponibili radialmente, smontabile senza rimuovere l\u2019albero motore e l\u2019albero condotto.<\/li>\n<\/ul>\n<p>[\/vc_column_text][vc_empty_space height=&#8221;25px&#8221;][vc_column_text]Il vantaggio di METALFLEX in confronto ad altri giunti a gioco zero disponibili sul mercato, quali giunti elicoidali o giunti con corona elastica precompressa, consiste nella pi\u00f9 alta rigidit\u00e0 torsionale, fattore determinante per la precisione dei posizionamenti: pi\u00f9 il giunto \u00e8 torsionalmente rigido, pi\u00f9 precisa \u00e8 la trasmissione del moto dal motore al componente condotto.[\/vc_column_text][\/vc_column][\/vc_row]<\/p>\n<\/div>","protected":false},"excerpt":{"rendered":"<p>[vc_row el_class=&#8221;customRowMedium&#8221;][vc_column width=&#8221;1\/2&#8243;][vc_single_image image=&#8221;498&#8243; img_size=&#8221;large&#8221;][vc_empty_space height=&#8221;52px&#8221;][vc_btn title=&#8221;DOWNLOAD CATALOGO&#8221; style=&#8221;custom&#8221; custom_background=&#8221;#108dc1&#8243; custom_text=&#8221;#ffffff&#8221; shape=&#8221;square&#8221; align=&#8221;center&#8221; link=&#8221;url:http%3A%2F%2Fwww.rotafree.com%2Fwp-content%2Fuploads%2F2023%2F11%2FMETALFLEX_0620_A.pdf||target:%20_blank|&#8221;][\/vc_column][vc_column width=&#8221;1\/2&#8243;][vc_column_text] Metalflex [\/vc_column_text][vc_empty_space height=&#8221;20px&#8221;][vc_column_text] Giunto a gioco zero -torsionalmente rigido- con bassi<span class=\"excerpt-hellip\"> [\u2026]<\/span><\/p>\n","protected":false},"author":1,"featured_media":0,"parent":464,"menu_order":0,"comment_status":"closed","ping_status":"closed","template":"","meta":{"footnotes":""},"class_list":["post-664","page","type-page","status-publish","hentry"],"yoast_head":"<!-- This site is optimized with the Yoast SEO plugin v26.9 - https:\/\/yoast.com\/product\/yoast-seo-wordpress\/ -->\r\n<title>METALFLEX - Compomac<\/title>\r\n<meta name=\"description\" content=\"METALFLEX \u00e8 un giunto altamente innovativo, ideale per applicazioni ad alte prestazioni che richiedano ripetibilit\u00e0, posizionamenti precisi, controllo ...\" \/>\r\n<meta name=\"robots\" content=\"index, follow, max-snippet:-1, max-image-preview:large, max-video-preview:-1\" \/>\r\n<link rel=\"canonical\" href=\"https:\/\/www.rotafree.com\/it\/prodotti\/giunti\/metalflex-giunto-torsionalmente-rigido\/\" \/>\r\n<meta property=\"og:locale\" content=\"it_IT\" \/>\r\n<meta property=\"og:type\" content=\"article\" \/>\r\n<meta property=\"og:title\" content=\"METALFLEX - Compomac\" \/>\r\n<meta property=\"og:description\" content=\"METALFLEX \u00e8 un giunto altamente innovativo, ideale per applicazioni ad alte prestazioni che richiedano ripetibilit\u00e0, posizionamenti precisi, controllo ...\" \/>\r\n<meta property=\"og:url\" content=\"https:\/\/www.rotafree.com\/it\/prodotti\/giunti\/metalflex-giunto-torsionalmente-rigido\/\" \/>\r\n<meta property=\"og:site_name\" content=\"Rotafree\" \/>\r\n<meta property=\"article:modified_time\" content=\"2023-11-28T13:27:00+00:00\" \/>\r\n<meta name=\"twitter:card\" content=\"summary_large_image\" \/>\r\n<meta name=\"twitter:label1\" content=\"Tempo di lettura stimato\" \/>\n\t<meta name=\"twitter:data1\" content=\"1 minuto\" \/>\r\n<script type=\"application\/ld+json\" class=\"yoast-schema-graph\">{\"@context\":\"https:\/\/schema.org\",\"@graph\":[{\"@type\":\"WebPage\",\"@id\":\"https:\/\/www.rotafree.com\/it\/prodotti\/giunti\/metalflex-giunto-torsionalmente-rigido\/\",\"url\":\"https:\/\/www.rotafree.com\/it\/prodotti\/giunti\/metalflex-giunto-torsionalmente-rigido\/\",\"name\":\"METALFLEX - Compomac\",\"isPartOf\":{\"@id\":\"https:\/\/www.rotafree.com\/it\/#website\"},\"datePublished\":\"2016-11-11T09:58:39+00:00\",\"dateModified\":\"2023-11-28T13:27:00+00:00\",\"description\":\"METALFLEX \u00e8 un giunto altamente innovativo, ideale per applicazioni ad alte prestazioni che richiedano ripetibilit\u00e0, posizionamenti precisi, controllo ...\",\"breadcrumb\":{\"@id\":\"https:\/\/www.rotafree.com\/it\/prodotti\/giunti\/metalflex-giunto-torsionalmente-rigido\/#breadcrumb\"},\"inLanguage\":\"it-IT\",\"potentialAction\":[{\"@type\":\"ReadAction\",\"target\":[\"https:\/\/www.rotafree.com\/it\/prodotti\/giunti\/metalflex-giunto-torsionalmente-rigido\/\"]}]},{\"@type\":\"BreadcrumbList\",\"@id\":\"https:\/\/www.rotafree.com\/it\/prodotti\/giunti\/metalflex-giunto-torsionalmente-rigido\/#breadcrumb\",\"itemListElement\":[{\"@type\":\"ListItem\",\"position\":1,\"name\":\"Home\",\"item\":\"https:\/\/www.rotafree.com\/it\/\"},{\"@type\":\"ListItem\",\"position\":2,\"name\":\"Prodotti\",\"item\":\"https:\/\/www.rotafree.com\/it\/products\/\"},{\"@type\":\"ListItem\",\"position\":3,\"name\":\"Giunti\",\"item\":\"https:\/\/www.rotafree.com\/it\/products\/couplings\/\"},{\"@type\":\"ListItem\",\"position\":4,\"name\":\"Metalflex &#8211; Giunto Torsionalmente Rigido\"}]},{\"@type\":\"WebSite\",\"@id\":\"https:\/\/www.rotafree.com\/it\/#website\",\"url\":\"https:\/\/www.rotafree.com\/it\/\",\"name\":\"Rotafree\",\"description\":\"Rotafree by Compomac\",\"potentialAction\":[{\"@type\":\"SearchAction\",\"target\":{\"@type\":\"EntryPoint\",\"urlTemplate\":\"https:\/\/www.rotafree.com\/it\/?s={search_term_string}\"},\"query-input\":{\"@type\":\"PropertyValueSpecification\",\"valueRequired\":true,\"valueName\":\"search_term_string\"}}],\"inLanguage\":\"it-IT\"}]}<\/script>\r\n<!-- \/ Yoast SEO plugin. -->","yoast_head_json":{"title":"METALFLEX - Compomac","description":"METALFLEX \u00e8 un giunto altamente innovativo, ideale per applicazioni ad alte prestazioni che richiedano ripetibilit\u00e0, posizionamenti precisi, controllo ...","robots":{"index":"index","follow":"follow","max-snippet":"max-snippet:-1","max-image-preview":"max-image-preview:large","max-video-preview":"max-video-preview:-1"},"canonical":"https:\/\/www.rotafree.com\/it\/prodotti\/giunti\/metalflex-giunto-torsionalmente-rigido\/","og_locale":"it_IT","og_type":"article","og_title":"METALFLEX - Compomac","og_description":"METALFLEX \u00e8 un giunto altamente innovativo, ideale per applicazioni ad alte prestazioni che richiedano ripetibilit\u00e0, posizionamenti precisi, controllo ...","og_url":"https:\/\/www.rotafree.com\/it\/prodotti\/giunti\/metalflex-giunto-torsionalmente-rigido\/","og_site_name":"Rotafree","article_modified_time":"2023-11-28T13:27:00+00:00","twitter_card":"summary_large_image","twitter_misc":{"Tempo di lettura stimato":"1 minuto"},"schema":{"@context":"https:\/\/schema.org","@graph":[{"@type":"WebPage","@id":"https:\/\/www.rotafree.com\/it\/prodotti\/giunti\/metalflex-giunto-torsionalmente-rigido\/","url":"https:\/\/www.rotafree.com\/it\/prodotti\/giunti\/metalflex-giunto-torsionalmente-rigido\/","name":"METALFLEX - Compomac","isPartOf":{"@id":"https:\/\/www.rotafree.com\/it\/#website"},"datePublished":"2016-11-11T09:58:39+00:00","dateModified":"2023-11-28T13:27:00+00:00","description":"METALFLEX \u00e8 un giunto altamente innovativo, ideale per applicazioni ad alte prestazioni che richiedano ripetibilit\u00e0, posizionamenti precisi, controllo ...","breadcrumb":{"@id":"https:\/\/www.rotafree.com\/it\/prodotti\/giunti\/metalflex-giunto-torsionalmente-rigido\/#breadcrumb"},"inLanguage":"it-IT","potentialAction":[{"@type":"ReadAction","target":["https:\/\/www.rotafree.com\/it\/prodotti\/giunti\/metalflex-giunto-torsionalmente-rigido\/"]}]},{"@type":"BreadcrumbList","@id":"https:\/\/www.rotafree.com\/it\/prodotti\/giunti\/metalflex-giunto-torsionalmente-rigido\/#breadcrumb","itemListElement":[{"@type":"ListItem","position":1,"name":"Home","item":"https:\/\/www.rotafree.com\/it\/"},{"@type":"ListItem","position":2,"name":"Prodotti","item":"https:\/\/www.rotafree.com\/it\/products\/"},{"@type":"ListItem","position":3,"name":"Giunti","item":"https:\/\/www.rotafree.com\/it\/products\/couplings\/"},{"@type":"ListItem","position":4,"name":"Metalflex &#8211; Giunto Torsionalmente Rigido"}]},{"@type":"WebSite","@id":"https:\/\/www.rotafree.com\/it\/#website","url":"https:\/\/www.rotafree.com\/it\/","name":"Rotafree","description":"Rotafree by Compomac","potentialAction":[{"@type":"SearchAction","target":{"@type":"EntryPoint","urlTemplate":"https:\/\/www.rotafree.com\/it\/?s={search_term_string}"},"query-input":{"@type":"PropertyValueSpecification","valueRequired":true,"valueName":"search_term_string"}}],"inLanguage":"it-IT"}]}},"_links":{"self":[{"href":"https:\/\/www.rotafree.com\/it\/wp-json\/wp\/v2\/pages\/664","targetHints":{"allow":["GET"]}}],"collection":[{"href":"https:\/\/www.rotafree.com\/it\/wp-json\/wp\/v2\/pages"}],"about":[{"href":"https:\/\/www.rotafree.com\/it\/wp-json\/wp\/v2\/types\/page"}],"author":[{"embeddable":true,"href":"https:\/\/www.rotafree.com\/it\/wp-json\/wp\/v2\/users\/1"}],"replies":[{"embeddable":true,"href":"https:\/\/www.rotafree.com\/it\/wp-json\/wp\/v2\/comments?post=664"}],"version-history":[{"count":15,"href":"https:\/\/www.rotafree.com\/it\/wp-json\/wp\/v2\/pages\/664\/revisions"}],"predecessor-version":[{"id":1460,"href":"https:\/\/www.rotafree.com\/it\/wp-json\/wp\/v2\/pages\/664\/revisions\/1460"}],"up":[{"embeddable":true,"href":"https:\/\/www.rotafree.com\/it\/wp-json\/wp\/v2\/pages\/464"}],"wp:attachment":[{"href":"https:\/\/www.rotafree.com\/it\/wp-json\/wp\/v2\/media?parent=664"}],"curies":[{"name":"wp","href":"https:\/\/api.w.org\/{rel}","templated":true}]}}